{"id":48894,"date":"2021-09-22T11:55:11","date_gmt":"2021-09-22T11:55:11","guid":{"rendered":"https:\/\/www.palchips.com\/?page_id=48894"},"modified":"2024-03-15T20:48:26","modified_gmt":"2024-03-15T11:48:26","slug":"sell-buy-zynga-restriced-poker-account","status":"publish","type":"page","link":"https:\/\/www.palchips.com\/de\/verkauf-kauf-zynga-eingeschranktes-poker-konto\/","title":{"rendered":"Konto verkaufen"},"content":{"rendered":"<div class=\"wpb-content-wrapper\"><div id=\"sell\" data-vc-full-width=\"true\" data-vc-full-width-init=\"false\" class=\"vc_row wpb_row vc_row-fluid vc_custom_1643260884589 vc_row-has-fill vc_row-o-content-bottom vc_row-flex\"><div class=\"wpb_column vc_column_container vc_col-sm-6 vc_col-sm-offset-0 vc_hidden-xs\"><div class=\"vc_column-inner\"><div class=\"wpb_wrapper\">\n\t<div  class=\"wpb_single_image wpb_content_element vc_align_left wpb_content_element\">\n\t\t\n\t\t<figure class=\"wpb_wrapper vc_figure\">\n\t\t\t<div class=\"vc_single_image-wrapper   vc_box_border_grey\"><img loading=\"lazy\" decoding=\"async\" width=\"504\" height=\"486\" src=\"https:\/\/www.palchips.com\/wp-content\/uploads\/2024\/03\/woman.png\" class=\"vc_single_image-img attachment-full\" alt=\"\" title=\"woman\" srcset=\"https:\/\/www.palchips.com\/wp-content\/uploads\/2024\/03\/woman.png 504w, https:\/\/www.palchips.com\/wp-content\/uploads\/2024\/03\/woman-300x289.png 300w, https:\/\/www.palchips.com\/wp-content\/uploads\/2024\/03\/woman-12x12.png 12w\" sizes=\"auto, (max-width: 504px) 100vw, 504px\" \/><\/div>\n\t\t<\/figure>\n\t<\/div>\n<\/div><\/div><\/div><div class=\"xxx wpb_column vc_column_container vc_col-sm-6\"><div class=\"vc_column-inner\"><div class=\"wpb_wrapper\">\n\t<div class=\"wpb_text_column wpb_content_element\" >\n\t\t<div class=\"wpb_wrapper\">\n\t\t\t<h2>Wir kaufen Ihre Poker-Restricted-Konten<\/h2>\n<p>M\u00f6chten Sie Ihr eingeschr\u00e4nktes Pokerkonto 1M\/2M verkaufen? Kontaktieren Sie uns im Live-Chat und wir k\u00f6nnen Ihnen einen tollen Preis f\u00fcr Ihr Konto anbieten.<\/p>\n<h2>\u00a0Zynga- und Facebook-Konto mit Chips<\/h2>\n<p>Wir stellen Konten mit Chips zur Verf\u00fcgung \u2013 (E-Mail und Passwort werden Ihnen zur Verf\u00fcgung gestellt)<\/p>\n<h2>Gesperrte Konten kaufen<\/h2>\n<p>Alle Konten, die gesperrt sind und auf denen Chips von Freunden angezeigt werden, k\u00f6nnen umgetauscht werden.<\/p>\n<div class=\"order five\">Bestellen Sie im Live-Chat<\/div>\n<div class=\"restrict\">\n<h3>Was bedeutet ein eingeschr\u00e4nktes Pokerkonto?<\/h3>\n<p>Poker beschr\u00e4nkt Ihren Tisch manchmal auf 1M\/2M, wenn es den Eindruck hat, dass Sie etwas Unangemessenes gepostet haben oder sich an Aktivit\u00e4ten beteiligt haben, die gegen die Community-Standards versto\u00dfen. Diese Einschr\u00e4nkungen k\u00f6nnen dazu f\u00fchren, dass Sie bestimmte Blinds und Tische nicht sehen k\u00f6nnen.<\/p>\n<p>&nbsp;<\/p>\n<p><em>Der beste Ort, um Facebook-Pokerchips mit sicheren Zahlungen zu kaufen. Schnelle Lieferung<\/em><\/div>\n\n\t\t<\/div>\n\t<\/div>\n<\/div><\/div><\/div><\/div><div class=\"vc_row-full-width vc_clearfix\"><\/div>\n<\/div>","protected":false},"excerpt":{"rendered":"We Buy Your Poker Restricted Accounts Wanting to sell your\u00a0 poker restricted account 1M\/2M? Contact us on the live chat, and we can offer you an [...]","protected":false},"author":1,"featured_media":48898,"parent":0,"menu_order":0,"comment_status":"closed","ping_status":"closed","template":"","meta":{"footnotes":""},"class_list":["post-48894","page","type-page","status-publish","has-post-thumbnail","hentry"],"jetpack_sharing_enabled":true,"_links":{"self":[{"href":"https:\/\/www.palchips.com\/de\/wp-json\/wp\/v2\/pages\/48894","targetHints":{"allow":["GET"]}}],"collection":[{"href":"https:\/\/www.palchips.com\/de\/wp-json\/wp\/v2\/pages"}],"about":[{"href":"https:\/\/www.palchips.com\/de\/wp-json\/wp\/v2\/types\/page"}],"author":[{"embeddable":true,"href":"https:\/\/www.palchips.com\/de\/wp-json\/wp\/v2\/users\/1"}],"replies":[{"embeddable":true,"href":"https:\/\/www.palchips.com\/de\/wp-json\/wp\/v2\/comments?post=48894"}],"version-history":[{"count":32,"href":"https:\/\/www.palchips.com\/de\/wp-json\/wp\/v2\/pages\/48894\/revisions"}],"predecessor-version":[{"id":49406,"href":"https:\/\/www.palchips.com\/de\/wp-json\/wp\/v2\/pages\/48894\/revisions\/49406"}],"wp:featuredmedia":[{"embeddable":true,"href":"https:\/\/www.palchips.com\/de\/wp-json\/wp\/v2\/media\/48898"}],"wp:attachment":[{"href":"https:\/\/www.palchips.com\/de\/wp-json\/wp\/v2\/media?parent=48894"}],"curies":[{"name":"wp","href":"https:\/\/api.w.org\/{rel}","templated":true}]}}