{"id":19568,"date":"2019-02-27T09:25:21","date_gmt":"2019-02-27T09:25:21","guid":{"rendered":"https:\/\/oklahoma.modeltheme.com\/?page_id=19568"},"modified":"2026-04-17T15:49:20","modified_gmt":"2026-04-17T06:49:20","slug":"home-bookmakers","status":"publish","type":"page","link":"https:\/\/www.palchips.com\/es\/","title":{"rendered":"Hogar"},"content":{"rendered":"<div class=\"wpb-content-wrapper\"><div data-vc-full-width=\"true\" data-vc-full-width-init=\"false\" class=\"vc_row wpb_row vc_row-fluid vc_custom_1632321530474 vc_row-has-fill vc_row-o-equal-height vc_row-flex\"><div class=\"wpb_column vc_column_container vc_col-sm-12\"><div class=\"vc_column-inner\"><div class=\"wpb_wrapper\"><div class=\"vc_empty_space\"   style=\"height: 150px\"><span class=\"vc_empty_space_inner\"><\/span><\/div><div id=\"banner_top\" class=\"vc_row wpb_row vc_inner vc_row-fluid vc_custom_1632321487966\"><div class=\"wpb_column vc_column_container vc_col-sm-12\"><div class=\"vc_column-inner\"><div class=\"wpb_wrapper\">\n\t<div class=\"wpb_text_column wpb_content_element\" >\n\t\t<div class=\"wpb_wrapper\">\n\t\t\t<p style=\"text-align: center;\">El mejor lugar para comprar fichas de p\u00f3quer Zynga, pagos seguros y leg\u00edtimos. Entrega r\u00e1pida<\/p>\n<h2 style=\"text-align: center;\">Comprar chips Zynga<\/h2>\n\n\t\t<\/div>\n\t<\/div>\n<div class=\"text-center modeltheme_button wow bounce\"><a href=\"#order\" class=\"button-winona btn btn-lg btn_custom_69e4a0d651b7c\" style=\"color:; background:#dd942e\">\u00bfC\u00f3mo funciona?<\/a><\/div><\/div><\/div><\/div><\/div><\/div><\/div><\/div><\/div><div class=\"vc_row-full-width vc_clearfix\"><\/div><div id=\"chips\" data-vc-full-width=\"true\" data-vc-full-width-init=\"false\" class=\"vc_row wpb_row vc_row-fluid vc_custom_1632326182133 vc_row-has-fill\"><div class=\"wpb_column vc_column_container vc_col-sm-12\"><div class=\"vc_column-inner\"><div class=\"wpb_wrapper\">\n\t<div class=\"wpb_text_column wpb_content_element\" >\n\t\t<div class=\"wpb_wrapper\">\n\t\t\t<div class=\"deals-wrapper\">\n<div class=\"deal1\">\n<div class=\"img\"><img loading=\"lazy\" decoding=\"async\" class=\"alignnone size-medium wp-image-48927\" src=\"https:\/\/www.palchips.com\/wp-content\/uploads\/2021\/09\/zynga-bg-290x300.jpg\" alt=\"\" width=\"290\" height=\"300\" srcset=\"https:\/\/www.palchips.com\/wp-content\/uploads\/2021\/09\/zynga-bg-290x300.jpg 290w, https:\/\/www.palchips.com\/wp-content\/uploads\/2021\/09\/zynga-bg-768x796.jpg 768w, https:\/\/www.palchips.com\/wp-content\/uploads\/2021\/09\/zynga-bg-600x622.jpg 600w, https:\/\/www.palchips.com\/wp-content\/uploads\/2021\/09\/zynga-bg.jpg 772w\" sizes=\"auto, (max-width: 290px) 100vw, 290px\" \/><\/div>\n<div class=\"text-deal\">\n<h2><span style=\"color: #ffffff;\">1T 10$<\/span><span class=\"wHYlTd z8gr9e\"><span style=\"color: #ffffff;\">\u00a0<\/span><br \/>\n<\/span><\/h2>\n<h2><\/h2>\n<div class=\"order\">Ordene en el chat en vivo<\/div>\n<\/div>\n<\/div>\n<div class=\"deal1\">\n<div class=\"img\"><img loading=\"lazy\" decoding=\"async\" class=\"alignnone size-medium wp-image-48927\" src=\"https:\/\/www.palchips.com\/wp-content\/uploads\/2021\/09\/zynga-bg-290x300.jpg\" alt=\"\" width=\"290\" height=\"300\" srcset=\"https:\/\/www.palchips.com\/wp-content\/uploads\/2021\/09\/zynga-bg-290x300.jpg 290w, https:\/\/www.palchips.com\/wp-content\/uploads\/2021\/09\/zynga-bg-768x796.jpg 768w, https:\/\/www.palchips.com\/wp-content\/uploads\/2021\/09\/zynga-bg-600x622.jpg 600w, https:\/\/www.palchips.com\/wp-content\/uploads\/2021\/09\/zynga-bg.jpg 772w\" sizes=\"auto, (max-width: 290px) 100vw, 290px\" \/><\/div>\n<div class=\"text-deal\">\n<h2><span style=\"color: #ffffff;\">5 T 50$<\/span><span class=\"wHYlTd z8gr9e\"><br \/>\n<\/span><\/h2>\n<h2><\/h2>\n<div class=\"order two\">Ordene en el chat en vivo<\/div>\n<\/div>\n<\/div>\n<div class=\"deal1\">\n<div class=\"img\"><img loading=\"lazy\" decoding=\"async\" class=\"alignnone size-medium wp-image-48927\" src=\"https:\/\/www.palchips.com\/wp-content\/uploads\/2021\/09\/zynga-bg-290x300.jpg\" alt=\"\" width=\"290\" height=\"300\" srcset=\"https:\/\/www.palchips.com\/wp-content\/uploads\/2021\/09\/zynga-bg-290x300.jpg 290w, https:\/\/www.palchips.com\/wp-content\/uploads\/2021\/09\/zynga-bg-768x796.jpg 768w, https:\/\/www.palchips.com\/wp-content\/uploads\/2021\/09\/zynga-bg-600x622.jpg 600w, https:\/\/www.palchips.com\/wp-content\/uploads\/2021\/09\/zynga-bg.jpg 772w\" sizes=\"auto, (max-width: 290px) 100vw, 290px\" \/><\/div>\n<div class=\"text-deal\">\n<h2><span style=\"color: #ffffff;\">10T<\/span><span class=\"wHYlTd z8gr9e\"><span style=\"color: #ffffff;\"> 75$<\/span><br \/>\n<\/span><\/h2>\n<h2><\/h2>\n<div class=\"order three\">Ordene en el chat en vivo<\/div>\n<\/div>\n<\/div>\n<div class=\"deal1\">\n<div class=\"img\"><img loading=\"lazy\" decoding=\"async\" class=\"alignnone size-medium wp-image-48927\" src=\"https:\/\/www.palchips.com\/wp-content\/uploads\/2021\/09\/zynga-bg-290x300.jpg\" alt=\"\" width=\"290\" height=\"300\" srcset=\"https:\/\/www.palchips.com\/wp-content\/uploads\/2021\/09\/zynga-bg-290x300.jpg 290w, https:\/\/www.palchips.com\/wp-content\/uploads\/2021\/09\/zynga-bg-768x796.jpg 768w, https:\/\/www.palchips.com\/wp-content\/uploads\/2021\/09\/zynga-bg-600x622.jpg 600w, https:\/\/www.palchips.com\/wp-content\/uploads\/2021\/09\/zynga-bg.jpg 772w\" sizes=\"auto, (max-width: 290px) 100vw, 290px\" \/><\/div>\n<div class=\"text-deal\">\n<h2><span style=\"color: #ffffff;\">50T 150$<\/span><\/h2>\n<p>&nbsp;<\/p>\n<div><\/div>\n<div class=\"order four\">Ordene en el chat en vivo<\/div>\n<\/div>\n<\/div>\n<div class=\"deal1\">\n<div class=\"img\"><img loading=\"lazy\" decoding=\"async\" class=\"alignnone size-medium wp-image-48927\" src=\"https:\/\/www.palchips.com\/wp-content\/uploads\/2021\/09\/zynga-bg-290x300.jpg\" alt=\"\" width=\"290\" height=\"300\" srcset=\"https:\/\/www.palchips.com\/wp-content\/uploads\/2021\/09\/zynga-bg-290x300.jpg 290w, https:\/\/www.palchips.com\/wp-content\/uploads\/2021\/09\/zynga-bg-768x796.jpg 768w, https:\/\/www.palchips.com\/wp-content\/uploads\/2021\/09\/zynga-bg-600x622.jpg 600w, https:\/\/www.palchips.com\/wp-content\/uploads\/2021\/09\/zynga-bg.jpg 772w\" sizes=\"auto, (max-width: 290px) 100vw, 290px\" \/><\/div>\n<div class=\"text-deal\">\n<h2><span style=\"color: #ffffff;\">100T 300$<\/span><span class=\"wHYlTd z8gr9e\"><span style=\"color: #ffffff;\">\u00a0<\/span><br \/>\n<\/span><\/h2>\n<h2><\/h2>\n<div class=\"order five\">Ordene en el chat en vivo<\/div>\n<\/div>\n<\/div>\n<\/div>\n<p><a class=\"order six larger\"> Chatea con nosotros para pedidos m\u00e1s grandes <\/a><\/p>\n\n\t\t<\/div>\n\t<\/div>\n<\/div><\/div><\/div><\/div><div class=\"vc_row-full-width vc_clearfix\"><\/div><div id=\"order\" data-vc-full-width=\"true\" data-vc-full-width-init=\"false\" class=\"vc_row wpb_row vc_row-fluid vc_custom_1632495391380 vc_row-has-fill\"><div class=\"wpb_column vc_column_container vc_col-sm-12\"><div class=\"vc_column-inner\"><div class=\"wpb_wrapper\">\n\t<div class=\"wpb_text_column wpb_content_element\" id=\"steps\">\n\t\t<div class=\"wpb_wrapper\">\n\t\t\t<h4 style=\"text-align: center;\">\u00bfQuieres saber c\u00f3mo funciona?<\/h4>\n<h2 class=\"steps-title\" style=\"text-align: center;\">3 sencillos pasos en general<\/h2>\n<h3 style=\"text-align: center;\">01. Pide tus patatas fritas<\/h3>\n<p style=\"text-align: center;\">Elija su paquete y charle con nosotros sobre qu\u00e9 m\u00e9todo de transferencia de chips desea.<\/p>\n<h3 style=\"text-align: center;\">02. Enviar pago<\/h3>\n<p style=\"text-align: center;\">Despu\u00e9s de su pedido, le enviaremos los detalles de pago. Primero verificaremos que se haya recibido el pago (generalmente menos de 5 minutos) (proporcione una captura de pantalla) y nos comunicaremos con nosotros para iniciar la transferencia.<\/p>\n<h3 style=\"text-align: center;\">03. Entrega de chips<\/h3>\n<h2 style=\"text-align: center;\"><span style=\"color: #ffffff;\"><strong>M\u00e9todo de transferencia disponible:<\/strong><\/span><\/h2>\n\n\t\t<\/div>\n\t<\/div>\n\n\t<div class=\"wpb_text_column wpb_content_element\" >\n\t\t<div class=\"wpb_wrapper\">\n\t\t\t<div class=\"transfer-wrap\">\n<div class=\"transfer\">\r\n\t<a class=\"paoc-popup-click paoc-popup-cust-49067 paoc-popup-simple_link paoc-popup-link\" href=\"javascript:void(0);\">Transferencia de paneles<\/a>\r\n\r\n<\/div>\n<div class=\"transfer\">\r\n\t<a class=\"paoc-popup-click paoc-popup-cust-49070 paoc-popup-simple_link paoc-popup-link\" href=\"javascript:void(0);\">Transferencia de mesa<\/a>\r\n\r\n<\/div>\n<div class=\"transfer\">\r\n\t<a class=\"paoc-popup-click paoc-popup-cust-49071 paoc-popup-simple_link paoc-popup-link\" href=\"javascript:void(0);\">VIP Point Packs<\/a>\r\n\r\n<\/div>\n<div class=\"transfer\">\r\n\t<a class=\"paoc-popup-click paoc-popup-cust-49072 paoc-popup-simple_link paoc-popup-link\" href=\"javascript:void(0);\">Account with chips<\/a>\r\n\r\n<\/div>\n<\/div>\n\n\t\t<\/div>\n\t<\/div>\n\n\t<div class=\"wpb_text_column wpb_content_element\" >\n\t\t<div class=\"wpb_wrapper\">\n\t\t\t<div>\r\n\t<a class=\"paoc-popup-click paoc-popup-cust-49048 paoc-popup-simple_link paoc-popup-link\" href=\"javascript:void(0);\">Por favor lea nuestras reglas<\/a>\r\n\r\n<\/div>\n<div class=\"cards\"><img loading=\"lazy\" decoding=\"async\" class=\"alignnone size-full wp-image-49035\" src=\"https:\/\/www.palchips.com\/wp-content\/uploads\/2021\/09\/payment.png\" alt=\"\" width=\"768\" height=\"42\" srcset=\"https:\/\/www.palchips.com\/wp-content\/uploads\/2021\/09\/payment.png 768w, https:\/\/www.palchips.com\/wp-content\/uploads\/2021\/09\/payment-300x16.png 300w, https:\/\/www.palchips.com\/wp-content\/uploads\/2021\/09\/payment-600x33.png 600w\" sizes=\"auto, (max-width: 768px) 100vw, 768px\" \/><br \/>\n<img decoding=\"async\" src=\"https:\/\/www.palchips.com\/wp-content\/uploads\/2024\/03\/payment.jpg\" alt=\"\" \/><\/div>\n\n\t\t<\/div>\n\t<\/div>\n<div class=\"vc_empty_space\"   style=\"height: 55px\"><span class=\"vc_empty_space_inner\"><\/span><\/div><div class=\"vc_empty_space\"   style=\"height: 30px\"><span class=\"vc_empty_space_inner\"><\/span><\/div><div class=\"vc_empty_space\"   style=\"height: 85px\"><span class=\"vc_empty_space_inner\"><\/span><\/div><\/div><\/div><\/div><\/div><div class=\"vc_row-full-width vc_clearfix\"><\/div><div id=\"testi\" data-vc-full-width=\"true\" data-vc-full-width-init=\"false\" class=\"vc_row wpb_row vc_row-fluid vc_custom_1632333998912 vc_row-o-content-middle vc_row-flex\"><div class=\"wpb_column vc_column_container vc_col-sm-12\"><div class=\"vc_column-inner\"><div class=\"wpb_wrapper\">\n\t<div class=\"wpb_text_column wpb_content_element\" >\n\t\t<div class=\"wpb_wrapper\">\n\t\t\t<h2 style=\"text-align: center;\">Get in touch<\/h2>\n\n\t\t<\/div>\n\t<\/div>\n\n\t<div class=\"wpb_text_column wpb_content_element\" >\n\t\t<div class=\"wpb_wrapper\">\n\t\t\t<div class=\"social-icons\"><a class=\"social-link snapchat\" href=\"https:\/\/www.snapchat.com\/@palchipsfans\/jEfiE8W8\" target=\"_blank\" rel=\"noopener\">SnapChat<\/a><a class=\"social-link tiktok\" href=\"https:\/\/www.tiktok.com\/@zyngafans.palchips?_r=1&amp;_t=ZS-95biWzSycHQ;_r=1\" target=\"_blank\" rel=\"noopener\">TikTok<\/a><a class=\"social-link insta\" href=\"https:\/\/www.instagram.com\/zyngapokerfans?igsh=MTMxeDY1MnFtbWdraw%3D%3D&amp;utm_source=qr\" target=\"_blank\" rel=\"noopener\">Instagram<\/a><a class=\"social-link facebook\" href=\"https:\/\/www.facebook.com\/palchipsfans\/?mibextid=eQY6cl\" target=\"_blank\" rel=\"noopener\">Facebook<\/a><\/div>\n\n\t\t<\/div>\n\t<\/div>\n<div class=\"\"><div class=\"testimonials-container-1 wow fadeIn\"><\/div><\/div><\/div><\/div><\/div><\/div><div class=\"vc_row-full-width vc_clearfix\"><\/div>\n<\/div>","protected":false},"excerpt":{"rendered":"Best place to buy Zynga Poker Chips Safe and Legit &amp; Secure Payments. Quick Delivery Buy Zynga Chips How It Works? 1T 10$\u00a0 Order On Live [...]","protected":false},"author":1,"featured_media":49013,"parent":0,"menu_order":1,"comment_status":"closed","ping_status":"closed","template":"","meta":{"footnotes":""},"class_list":["post-19568","page","type-page","status-publish","has-post-thumbnail","hentry"],"jetpack_sharing_enabled":true,"_links":{"self":[{"href":"https:\/\/www.palchips.com\/es\/wp-json\/wp\/v2\/pages\/19568","targetHints":{"allow":["GET"]}}],"collection":[{"href":"https:\/\/www.palchips.com\/es\/wp-json\/wp\/v2\/pages"}],"about":[{"href":"https:\/\/www.palchips.com\/es\/wp-json\/wp\/v2\/types\/page"}],"author":[{"embeddable":true,"href":"https:\/\/www.palchips.com\/es\/wp-json\/wp\/v2\/users\/1"}],"replies":[{"embeddable":true,"href":"https:\/\/www.palchips.com\/es\/wp-json\/wp\/v2\/comments?post=19568"}],"version-history":[{"count":153,"href":"https:\/\/www.palchips.com\/es\/wp-json\/wp\/v2\/pages\/19568\/revisions"}],"predecessor-version":[{"id":49524,"href":"https:\/\/www.palchips.com\/es\/wp-json\/wp\/v2\/pages\/19568\/revisions\/49524"}],"wp:featuredmedia":[{"embeddable":true,"href":"https:\/\/www.palchips.com\/es\/wp-json\/wp\/v2\/media\/49013"}],"wp:attachment":[{"href":"https:\/\/www.palchips.com\/es\/wp-json\/wp\/v2\/media?parent=19568"}],"curies":[{"name":"wp","href":"https:\/\/api.w.org\/{rel}","templated":true}]}}