{"id":3,"date":"2021-09-16T06:08:33","date_gmt":"2021-09-16T06:08:33","guid":{"rendered":"http:\/\/www.palchips.com\/?page_id=3"},"modified":"2024-02-06T00:07:12","modified_gmt":"2024-02-05T15:07:12","slug":"return-privacy-policy","status":"publish","type":"page","link":"https:\/\/www.palchips.com\/es\/politica-de-privacidad-de-devolucion\/","title":{"rendered":"Pol\u00edtica de devoluci\u00f3n y privacidad"},"content":{"rendered":"<h2>Quienes somos<\/h2>\n<p><strong class=\"privacy-policy-tutorial\">Acuerdo:\u00a0<\/strong>Este sitio es propiedad y\/o est\u00e1 operado por una empresa privada y sus compa\u00f1\u00edas afiliadas (colectivamente, www.palchips.com), y le brinda sus servicios sujetos a las siguientes condiciones. Si visita o compra en palchips.com, acepta afirmativamente las siguientes condiciones. El uso continuo del sitio constituye el acuerdo afirmativo de estos t\u00e9rminos y condiciones. La Compa\u00f1\u00eda se reserva el derecho de cambiar los t\u00e9rminos, condiciones y avisos bajo los cuales se ofrecen sus sitios web y servicios, incluidos, entre otros, los cargos asociados con el uso de los sitios web y servicios de la Compa\u00f1\u00eda. Usted es responsable de revisar peri\u00f3dicamente estos t\u00e9rminos y condiciones y cualquier t\u00e9rmino y condici\u00f3n adicional. Su uso continuado de los sitios web y servicios de la Compa\u00f1\u00eda constituye su aceptaci\u00f3n de todos los t\u00e9rminos, condiciones y avisos (consulte T\u00c9RMINOS Y CONDICIONES y la POL\u00cdTICA DE PRIVACIDAD). Por favor l\u00e9alos atentamente...<\/p>\n<h2>Acuerdo de usuario y pol\u00edtica de privacidad<\/h2>\n<p><strong class=\"privacy-policy-tutorial\">PRIVACIDAD:\u00a0<\/strong>Revise nuestra POL\u00cdTICA DE PRIVACIDAD, que tambi\u00e9n rige su visita a los sitios web de la Compa\u00f1\u00eda... En www.palchips.com no fomentamos los juegos de azar y este no es un sitio web de juegos de apuestas. Los productos que vendemos no son tarifas de juego, son simples puntos de juego y solo brindan valor de entretenimiento, no se recomprar\u00e1n ni se pueden canjear por dinero en efectivo. Toda la informaci\u00f3n personal que usted nos proporcione permanecer\u00e1 privada. A continuaci\u00f3n, describiremos nuestra pol\u00edtica con respecto al uso y divulgaci\u00f3n de su informaci\u00f3n personal. Debe leer estos t\u00e9rminos para asegurarse de estar bien informado sobre c\u00f3mo utilizamos su informaci\u00f3n personal. Usted acepta estos t\u00e9rminos al ingresar a nuestro sitio web y usarlo. Puede navegar por nuestro sitio web sin proporcionarnos ninguna informaci\u00f3n personal, hasta que decida contactarnos o realizar una compra. En ese momento, tendremos que conocer cierta informaci\u00f3n, como su nombre completo, direcci\u00f3n, direcci\u00f3n de correo electr\u00f3nico, n\u00famero de tel\u00e9fono, etc. Utilice nuestros servicios \u00fanicamente si es mayor de 18 a\u00f1os. La informaci\u00f3n puede usarse para contactarlo. con respecto a su pedido, o incluso en ocasiones anunci\u00e1ndole nuestras ofertas por correo electr\u00f3nico. Si no desea que utilicemos su informaci\u00f3n personal para comunicarnos con usted, menci\u00f3nelo a uno de nuestros representantes o por correo electr\u00f3nico. Palchips.com nunca prestar\u00e1 ni ceder\u00e1 su informaci\u00f3n personal a terceros para ning\u00fan tipo de uso, guardaremos toda esta informaci\u00f3n para nuestra empresa, para intentar hacer m\u00e1s agradable y c\u00f3moda su visita a nuestro sitio web. Las cookies de sesi\u00f3n que registrar\u00e1n su ubicaci\u00f3n IP, nombre y direcci\u00f3n de correo electr\u00f3nico cuando visite nuestro equipo de soporte en vivo solo se usar\u00e1n internamente durante sus visitas posteriores, para que podamos identificarlo f\u00e1cilmente y no pedirle nuevamente que se identifique. Las cookies de sesi\u00f3n no pueden acceder a su disco duro ni leer archivos cookie creados por otros sitios web. Palchips.com no tiene acceso a sus n\u00fameros de tarjetas de cr\u00e9dito, esa informaci\u00f3n nunca es visible para nuestros sistemas. Cualquier pregunta, comentario o problema que deba abordarse puede enviarse a info@palchips.com o a nuestro soporte en vivo.<\/p>\n<p>Es posible que se proporcione al servicio Gravatar una cadena an\u00f3nima creada a partir de su direcci\u00f3n de correo electr\u00f3nico (tambi\u00e9n llamada hash) para ver si la est\u00e1 utilizando. La pol\u00edtica de privacidad del servicio Gravatar est\u00e1 disponible aqu\u00ed: https:\/\/automattic.com\/privacy\/. Despu\u00e9s de la aprobaci\u00f3n de su comentario, su foto de perfil ser\u00e1 visible para el p\u00fablico en el contexto de su comentario.<\/p>\n<h2>Descargo de responsabilidad sobre fichas de p\u00f3quer virtuales de Facebook<\/h2>\n<p>Las fichas de p\u00f3quer de Facebook mencionadas en este sitio son puntos\/fichas de juego virtuales en juegos en l\u00ednea y no tienen valor en el mundo real y no se pueden canjear por moneda real. Las fichas de p\u00f3quer de Facebook baratas son s\u00f3lo para tu entretenimiento. Este sitio no est\u00e1 afiliado a Facebook, Zynga, MySpace, Bebo, Tagged ni a ninguna de las redes sociales que ponen a disposici\u00f3n de los jugadores los juegos de p\u00f3quer social Texas Holdem. Cualquier menci\u00f3n de nombres y t\u00e9rminos de marcas registradas es \u00fanicamente para fines de SEO. En Palchips nos tomamos muy en serio el fraude. Cualquier intento de comprar fichas de p\u00f3quer de Facebook utilizando m\u00e9todos de pago fraudulentos se registra y se env\u00eda a la Divisi\u00f3n de Fraude de Internet IC3 del FBI en www.ic3.gov junto con cualquier informaci\u00f3n personal que hayamos recopilado sobre usted, incluidos nombres, direcciones particulares, n\u00fameros de tel\u00e9fono, IP. direcciones y registros de chat. Los intentos de comprar fichas de p\u00f3quer virtuales de Facebook con m\u00e9todos de pago fraudulentos ser\u00e1n perseguidos con todo el peso de la ley. Nos encantan los juegos sociales interactivos y creemos que siempre deben mantenerse seguros y divertidos. Recuerda eso cuando juegues juegos de Facebook Poker.<\/p>\n<h2>DESCARGO DE RESPONSABILIDAD<\/h2>\n<p>Tenga en cuenta que corre el riesgo de que su cuenta de juego se desactive. Siempre tomamos precauciones adicionales cuando entregamos sus fichas de p\u00f3quer de Facebook para evitar que se inhabilite alguna cuenta. No seremos responsables de ninguna cuenta inhabilitada ni de ninguna p\u00e9rdida de su pedido DESPU\u00c9S de que se le haya entregado el pedido. Esto no es un sitio web de juegos de azar. Debe reconocer que las fichas de juego que proporcionamos aqu\u00ed (si las hay) son simplemente &quot;puntos de juego&quot; en la aplicaci\u00f3n de p\u00f3quer Texas Hold&#039;Em en Facebook, myspace, bebo, hi5, tag, yahoo y iPhone. Estas fichas de juego solo brindan valor de entretenimiento y no son intercambiables, reemplazables, canjeables ni transferibles por fondos o premios del mundo real bajo ninguna circunstancia.<\/p>\n<h2>Politica de reembolso<\/h2>\n<p>ART\u00cdCULO 1- Condiciones: Dado que todos los productos adquiridos en nuestro sitio son contenido digital, no hay absolutamente ninguna cancelaci\u00f3n ni reembolso. Para las monedas de juegos virtuales que compres, se te reembolsar\u00e1 si devuelves el dinero virtual del juego.<\/p>","protected":false},"excerpt":{"rendered":"<p>Who we are Agreement:\u00a0This site is owned and\/or operated by a private enterprise and its affiliated companies (collectively, the www.palchips.com) , and provides its services to [&hellip;]<\/p>\n","protected":false},"author":1,"featured_media":0,"parent":0,"menu_order":0,"comment_status":"closed","ping_status":"open","template":"","meta":{"footnotes":""},"class_list":["post-3","page","type-page","status-publish","hentry"],"jetpack_sharing_enabled":true,"_links":{"self":[{"href":"https:\/\/www.palchips.com\/es\/wp-json\/wp\/v2\/pages\/3","targetHints":{"allow":["GET"]}}],"collection":[{"href":"https:\/\/www.palchips.com\/es\/wp-json\/wp\/v2\/pages"}],"about":[{"href":"https:\/\/www.palchips.com\/es\/wp-json\/wp\/v2\/types\/page"}],"author":[{"embeddable":true,"href":"https:\/\/www.palchips.com\/es\/wp-json\/wp\/v2\/users\/1"}],"replies":[{"embeddable":true,"href":"https:\/\/www.palchips.com\/es\/wp-json\/wp\/v2\/comments?post=3"}],"version-history":[{"count":5,"href":"https:\/\/www.palchips.com\/es\/wp-json\/wp\/v2\/pages\/3\/revisions"}],"predecessor-version":[{"id":49300,"href":"https:\/\/www.palchips.com\/es\/wp-json\/wp\/v2\/pages\/3\/revisions\/49300"}],"wp:attachment":[{"href":"https:\/\/www.palchips.com\/es\/wp-json\/wp\/v2\/media?parent=3"}],"curies":[{"name":"wp","href":"https:\/\/api.w.org\/{rel}","templated":true}]}}