{"id":48894,"date":"2021-09-22T11:55:11","date_gmt":"2021-09-22T11:55:11","guid":{"rendered":"https:\/\/www.palchips.com\/?page_id=48894"},"modified":"2024-03-15T20:48:26","modified_gmt":"2024-03-15T11:48:26","slug":"sell-buy-zynga-restriced-poker-account","status":"publish","type":"page","link":"https:\/\/www.palchips.com\/fr\/vendre-acheter-zynga-compte-poker-restreint\/","title":{"rendered":"Vendre un compte"},"content":{"rendered":"<div class=\"wpb-content-wrapper\"><div id=\"sell\" data-vc-full-width=\"true\" data-vc-full-width-init=\"false\" class=\"vc_row wpb_row vc_row-fluid vc_custom_1643260884589 vc_row-has-fill vc_row-o-content-bottom vc_row-flex\"><div class=\"wpb_column vc_column_container vc_col-sm-6 vc_col-sm-offset-0 vc_hidden-xs\"><div class=\"vc_column-inner\"><div class=\"wpb_wrapper\">\n\t<div  class=\"wpb_single_image wpb_content_element vc_align_left wpb_content_element\">\n\t\t\n\t\t<figure class=\"wpb_wrapper vc_figure\">\n\t\t\t<div class=\"vc_single_image-wrapper   vc_box_border_grey\"><img loading=\"lazy\" decoding=\"async\" width=\"504\" height=\"486\" src=\"https:\/\/www.palchips.com\/wp-content\/uploads\/2024\/03\/woman.png\" class=\"vc_single_image-img attachment-full\" alt=\"\" title=\"woman\" srcset=\"https:\/\/www.palchips.com\/wp-content\/uploads\/2024\/03\/woman.png 504w, https:\/\/www.palchips.com\/wp-content\/uploads\/2024\/03\/woman-300x289.png 300w, https:\/\/www.palchips.com\/wp-content\/uploads\/2024\/03\/woman-12x12.png 12w\" sizes=\"auto, (max-width: 504px) 100vw, 504px\" \/><\/div>\n\t\t<\/figure>\n\t<\/div>\n<\/div><\/div><\/div><div class=\"xxx wpb_column vc_column_container vc_col-sm-6\"><div class=\"vc_column-inner\"><div class=\"wpb_wrapper\">\n\t<div class=\"wpb_text_column wpb_content_element\" >\n\t\t<div class=\"wpb_wrapper\">\n\t\t\t<h2>Nous achetons vos comptes restreints de poker<\/h2>\n<p>Vous souhaitez vendre votre compte restreint de poker 1M\/2M\u00a0? Contactez-nous sur le chat en direct et nous pourrons vous proposer un prix avantageux pour votre compte.<\/p>\n<h2>\u00a0Compte Zynga et Facebook avec des Jeton<\/h2>\n<p>Nous fournissons des comptes avec des puces \u2013 (L&#039;e-mail et le mot de passe vous seront fournis)<\/p>\n<h2>Acheter des comptes interdits<\/h2>\n<p>Tous les comptes bannis et montrant des jetons de copains peuvent \u00eatre \u00e9chang\u00e9s.<\/p>\n<div class=\"order five\">Commandez sur le chat en direct<\/div>\n<div class=\"restrict\">\n<h3>Que signifie un compte de poker restreint ?<\/h3>\n<p>Poker limitera parfois votre table \u00e0 1\u00a0M\/2\u00a0M s&#039;il estime que vous avez publi\u00e9 quelque chose d&#039;inappropri\u00e9 ou que vous vous \u00eates engag\u00e9 dans une activit\u00e9 qui va \u00e0 l&#039;encontre des normes de la communaut\u00e9. Ces restrictions peuvent vous emp\u00eacher de voir certains Stores, Tables.<\/p>\n<p>&nbsp;<\/p>\n<p><em>Meilleur endroit pour acheter des jetons de poker Facebook Paiements s\u00fbrs et s\u00e9curis\u00e9s. Livraison rapide<\/em><\/div>\n\n\t\t<\/div>\n\t<\/div>\n<\/div><\/div><\/div><\/div><div class=\"vc_row-full-width vc_clearfix\"><\/div>\n<\/div>","protected":false},"excerpt":{"rendered":"We Buy Your Poker Restricted Accounts Wanting to sell your\u00a0 poker restricted account 1M\/2M? Contact us on the live chat, and we can offer you an [...]","protected":false},"author":1,"featured_media":48898,"parent":0,"menu_order":0,"comment_status":"closed","ping_status":"closed","template":"","meta":{"footnotes":""},"class_list":["post-48894","page","type-page","status-publish","has-post-thumbnail","hentry"],"jetpack_sharing_enabled":true,"_links":{"self":[{"href":"https:\/\/www.palchips.com\/fr\/wp-json\/wp\/v2\/pages\/48894","targetHints":{"allow":["GET"]}}],"collection":[{"href":"https:\/\/www.palchips.com\/fr\/wp-json\/wp\/v2\/pages"}],"about":[{"href":"https:\/\/www.palchips.com\/fr\/wp-json\/wp\/v2\/types\/page"}],"author":[{"embeddable":true,"href":"https:\/\/www.palchips.com\/fr\/wp-json\/wp\/v2\/users\/1"}],"replies":[{"embeddable":true,"href":"https:\/\/www.palchips.com\/fr\/wp-json\/wp\/v2\/comments?post=48894"}],"version-history":[{"count":32,"href":"https:\/\/www.palchips.com\/fr\/wp-json\/wp\/v2\/pages\/48894\/revisions"}],"predecessor-version":[{"id":49406,"href":"https:\/\/www.palchips.com\/fr\/wp-json\/wp\/v2\/pages\/48894\/revisions\/49406"}],"wp:featuredmedia":[{"embeddable":true,"href":"https:\/\/www.palchips.com\/fr\/wp-json\/wp\/v2\/media\/48898"}],"wp:attachment":[{"href":"https:\/\/www.palchips.com\/fr\/wp-json\/wp\/v2\/media?parent=48894"}],"curies":[{"name":"wp","href":"https:\/\/api.w.org\/{rel}","templated":true}]}}